{"id":476,"date":"2015-02-09T14:35:31","date_gmt":"2015-02-09T13:35:31","guid":{"rendered":"http:\/\/www.costronic.ch\/?page_id=476"},"modified":"2019-12-20T15:26:54","modified_gmt":"2019-12-20T13:26:54","slug":"en-un-coup-doeil-de","status":"publish","type":"page","link":"https:\/\/www.costronic.ch\/index.php\/en-un-coup-doeil-de\/","title":{"rendered":"Auf einen Blick"},"content":{"rendered":"<div class=\"row\">\n\t<div class=\"wpb_content_element span12 wpb_text_column\">\n\t\t<div class=\"wpb_wrapper clearfix\">\n\t\t\t\n<h2 style=\"text-align: left;\">Mehrwert<\/h2>\n<hr \/>\n\n\t\t<\/div> \n\t<\/div> <\/div>\n <div class=\"row\">\n\t<div class=\"wpb_content_element span6 wpb_text_column\">\n\t\t<div class=\"wpb_wrapper clearfix\">\n\t\t\t\n<h3><img loading=\"lazy\" decoding=\"async\" class=\"aligncenter wp-image-288 size-large\" src=\"https:\/\/www.costronic.ch\/wp-content\/uploads\/2015\/01\/iStock_000029949966Large1-1024x819.jpg\" alt=\"teamwork\" width=\"1024\" height=\"819\" srcset=\"https:\/\/www.costronic.ch\/wp-content\/uploads\/2015\/01\/iStock_000029949966Large1-1024x819.jpg 1024w, https:\/\/www.costronic.ch\/wp-content\/uploads\/2015\/01\/iStock_000029949966Large1-300x240.jpg 300w, https:\/\/www.costronic.ch\/wp-content\/uploads\/2015\/01\/iStock_000029949966Large1-1280x1024.jpg 1280w, https:\/\/www.costronic.ch\/wp-content\/uploads\/2015\/01\/iStock_000029949966Large1.jpg 1500w\" sizes=\"(max-width: 1024px) 100vw, 1024px\" \/><\/h3>\n\n\t\t<\/div> \n\t<\/div>  \n\t<div class=\"wpb_content_element span6 wpb_text_column\">\n\t\t<div class=\"wpb_wrapper clearfix\">\n\t\t\t\n<p><strong>Unser Grund zu bestehen<\/strong><\/p>\n<p>Hinter jedem Projekt oder jeder Anlage stecken eine Geschichte, Einschr\u00e4nkungen, Gewohnheiten, Menschen, die neue und innovative L\u00f6sungen ben\u00f6tigen.<\/p>\n<p>Durch unsere Unabh\u00e4ngigkeit garantieren wir unsere Bereitschaft, f\u00fcr jeden unserer Kunden die am besten geeignete L\u00f6sung zu finden.<\/p>\n<p><strong>Unser Grundsatz lautet<\/strong><\/p>\n<p>Ein zuverl\u00e4ssiger und effizienter Partner zu sein.<\/p>\n<p>Eine optimale Verf\u00fcgbarkeit anzubieten, um den t\u00e4glichen Betrieb und die Lebensdauer Ihrer Anlagen zu gew\u00e4hrleistet.<\/p>\n<p>St\u00e4ndig auf der Suche nach neuen L\u00f6sungen zur Optimierung Ihrer Anlagen.<\/p>\n<p>Die konstante F\u00f6rderung der Kompetenzen unserer Mitarbeiter.<\/p>\n<p><strong>Unsere St\u00e4rken<\/strong><\/p>\n<p>Ein Unternehmen in humaner Gr\u00f6sse, f\u00e4hig ma\u00dfgeschneiderte Dienstleistungen zu erbringen.<\/p>\n<p>Ein multidisziplin\u00e4res Team f\u00fcr ein vielf\u00e4ltiges Angebot.<\/p>\n<p>Strukturelle und finanzielle Unabh\u00e4ngigkeit von Lieferanten.<\/p>\n\n\t\t<\/div> \n\t<\/div> <\/div>\n <div class=\"blank_spacer span12 \" style=\"height:30px;\"><\/div>\n <div class=\"row\">\n\t<div class=\"wpb_content_element span12 wpb_text_column\">\n\t\t<div class=\"wpb_wrapper clearfix\">\n\t\t\t\n<h2>Qualit\u00e4tsmanagement<\/h2>\n<hr \/>\n\n\t\t<\/div> \n\t<\/div> <\/div>\n <div class=\"row\">\n\t<div class=\"wpb_content_element span12 wpb_text_column\">\n\t\t<div class=\"wpb_wrapper clearfix\">\n\t\t\t\n<p>Unsere Qualit\u00e4ts-Politik ist f\u00fcr die Gesamtheit unserer Richtlinien vorgezeichnet.<\/p>\n<p>Wir sind ISO 9001 &#8211; Version 2015 zertifiziert.<\/p>\n\n\t\t<\/div> \n\t<\/div> <\/div>\n <div class=\"blank_spacer span12 \" style=\"height:30px;\"><\/div>\n <div class=\"row\">\n\t<div class=\"wpb_content_element span12 wpb_text_column\">\n\t\t<div class=\"wpb_wrapper clearfix\">\n\t\t\t\n<h2 style=\"text-align: left;\">Geschichte<\/h2>\n<hr \/>\n\n\t\t<\/div> \n\t<\/div> <\/div>\n <div class=\"row\">\n\t<div class=\"wpb_content_element span3 wpb_text_column\">\n\t\t<div class=\"wpb_wrapper clearfix\">\n\t\t\t\n<h3>1956<\/h3>\n<p>Gr\u00fcndung der Panel AG,<\/p>\n<p>CH &#8211; 1028 Pr\u00e9verenges (Filiale der SACT Cossonay Holding S.A)<\/p>\n\n\t\t<\/div> \n\t<\/div>  \n\t<div class=\"wpb_content_element span3 wpb_text_column\">\n\t\t<div class=\"wpb_wrapper clearfix\">\n\t\t\t\n<h3>1986<\/h3>\n<p>Gr\u00fcndung von Costronic SA,<\/p>\n<p>CH &#8211; 1028 Pr\u00e9verenges (Filiale der SACT Cossonay Holding S.A, \u00dcbernahme der Aktivit\u00e4t \u00ab\u00a0Steuerung und Leitung\u00a0\u00bb von Panel SA<\/p>\n\n\t\t<\/div> \n\t<\/div>  \n\t<div class=\"wpb_content_element span3 wpb_text_column\">\n\t\t<div class=\"wpb_wrapper clearfix\">\n\t\t\t\n<h3>1992<\/h3>\n<p>MBO von Costronic SA<\/p>\n\n\t\t<\/div> \n\t<\/div>  \n\t<div class=\"wpb_content_element span3 wpb_text_column\">\n\t\t<div class=\"wpb_wrapper clearfix\">\n\t\t\t\n<h3>2011<\/h3>\n<p>Umzug des Unternehmens nach CH &#8211; 1030 Bussigny<\/p>\n\n\t\t<\/div> \n\t<\/div> <\/div>\n\n","protected":false},"excerpt":{"rendered":"","protected":false},"author":3,"featured_media":0,"parent":0,"menu_order":0,"comment_status":"open","ping_status":"closed","template":"","meta":{"footnotes":""},"class_list":["post-476","page","type-page","status-publish","hentry"],"jetpack_sharing_enabled":true,"jetpack_shortlink":"https:\/\/wp.me\/P5cYP3-7G","_links":{"self":[{"href":"https:\/\/www.costronic.ch\/index.php\/wp-json\/wp\/v2\/pages\/476"}],"collection":[{"href":"https:\/\/www.costronic.ch\/index.php\/wp-json\/wp\/v2\/pages"}],"about":[{"href":"https:\/\/www.costronic.ch\/index.php\/wp-json\/wp\/v2\/types\/page"}],"author":[{"embeddable":true,"href":"https:\/\/www.costronic.ch\/index.php\/wp-json\/wp\/v2\/users\/3"}],"replies":[{"embeddable":true,"href":"https:\/\/www.costronic.ch\/index.php\/wp-json\/wp\/v2\/comments?post=476"}],"version-history":[{"count":17,"href":"https:\/\/www.costronic.ch\/index.php\/wp-json\/wp\/v2\/pages\/476\/revisions"}],"predecessor-version":[{"id":3041,"href":"https:\/\/www.costronic.ch\/index.php\/wp-json\/wp\/v2\/pages\/476\/revisions\/3041"}],"wp:attachment":[{"href":"https:\/\/www.costronic.ch\/index.php\/wp-json\/wp\/v2\/media?parent=476"}],"curies":[{"name":"wp","href":"https:\/\/api.w.org\/{rel}","templated":true}]}}