{"id":460,"date":"2015-02-09T14:10:21","date_gmt":"2015-02-09T13:10:21","guid":{"rendered":"http:\/\/www.costronic.ch\/?page_id=460"},"modified":"2026-02-27T15:39:01","modified_gmt":"2026-02-27T13:39:01","slug":"aktuelles-2","status":"publish","type":"page","link":"https:\/\/www.costronic.ch\/index.php\/aktuelles-2\/","title":{"rendered":"Aktuelles"},"content":{"rendered":"<div class=\"row\">\n\t<div class=\"wpb_content_element span12 wpb_text_column\">\n\t\t<div class=\"wpb_wrapper clearfix\">\n\t\t\t\n<h2>News<\/h2>\n<hr \/>\n\n\t\t<\/div> \n\t<\/div> <\/div>\n <div class=\"row\">\n\t<div class=\"wpb_content_element span12 wpb_text_column\">\n\t\t<div class=\"wpb_wrapper clearfix\">\n\t\t\t\n<ul>\n<li>Costronic expandiert auf internationalen M\u00e4rkten. In der Tat sind wir entschlossen, unsere Kompetenzen im Ausland anzuwenden und haben uns entschieden, uns an eine internationale Gruppe auf menschlicher Ebene anzuschliessen, die <span style=\"text-decoration: underline; color: #333399;\"><span style=\"text-decoration: underline;\"><a style=\"color: #333399; text-decoration: underline;\" href=\"http:\/\/www.cmr-group.com\/\" target=\"_blank\" rel=\"noopener noreferrer\">CMR Gruppe<\/a><\/span><\/span>. Unser gemeinsames Ziel ist es, unser L\u00f6sungsangebot zu erweitern und in den M\u00e4rkten f\u00fcr Wasserkraftwerke und Stromverteilung zu entwickeln, vor allem in Europa, Afrika und Asien (<span style=\"text-decoration: underline; color: #333399;\"><span style=\"text-decoration: underline;\"><a style=\"color: #333399; text-decoration: underline;\" href=\"https:\/\/www.costronic.ch\/wp-content\/uploads\/2019\/03\/Publipostage_d.pdf\" target=\"_blank\" rel=\"noopener noreferrer\">mehr<\/a><\/span><\/span>).<\/li>\n<\/ul>\n<ul>\n<li>Costronic ist der erste Schweizer Systemintegrator, spezialisiert\u00a0 im Energie- und Infrastrukturbereich, der das Niveau eines Gold-Partners in der <span style=\"text-decoration: underline; color: #333399;\"><span style=\"text-decoration: underline;\"><a style=\"color: #333399; text-decoration: underline;\" href=\"https:\/\/www.copadata.com\/en\/partner-community\/members\/?search=costronic#MO-partnerCommunity\" target=\"_blank\" rel=\"noopener noreferrer\">COPA-DATA<\/a><\/span><\/span>-Partnergemeinschaft erreicht hat.<\/li>\n<\/ul>\n<ul>\n<li>Costronic ist der ideale Partner f\u00fcr die Migration Ihrer Siemens SICAM 230 Systeme auf Zenon Energy Edition.<\/li>\n<\/ul>\n<ul>\n<li>Costonic SA installiert derzeit das 125kV Steuerungs- und Schutzsystem f\u00fcr das neue Unterwerk von Romanel des SIL. Dieses heikle Projekt, das sich \u00fcber acht Monate erstreckt, muss von Anfang bis Ende unter Gew\u00e4hrleistung der Versorgungssicherheit bew\u00e4ltigt werden.<\/li>\n<\/ul>\n<ul>\n<li>Zurzeit f\u00fchren wir das komplette Leitsystem der neuen Produktionsgruppe (16.8MVA) der Zentrale von Orsi\u00e8res (VS) aus.<\/li>\n<\/ul>\n<ul>\n<li>Das Unternehmen Syngenta in Monthey, das Herbizide, Fungizide und Insektizide zum Schutz der weltweit gr\u00f6ssten Anbaukulturen herstellt, hat Costronic die Sanierung der L\u00fcftung eines strategischen Geb\u00e4udes auf dem Gel\u00e4nde zugeteilt.<\/li>\n<\/ul>\n<ul>\n<li>Die Wasserversorgung der Stadt Lausanne hat Costronic SA f\u00fcr die Erneuerung des Ultrafiltrationsteils mit redundantem System der Lutry-Wasseraufbereitungsanlage beauftragt.<\/li>\n<\/ul>\n<ul>\n<li>Romande Energie SA und Avan\u00e7on Energie SA haben Costronic mit der Studie und der vollst\u00e4ndigen Umsetzung der Steuerungs- und Energieverteilung f\u00fcr das f\u00fcr das Kraftwerk Vionnaz beauftragt.<\/li>\n<\/ul>\n<ul>\n<li>Wir befinden uns in der Endphase der Erneuerung der Automatismen (au\u00dfer Gruppen) des Kraftwerks Ripshausen sowie der Aufstellung eines neue SCADA (Gemeindewerke Erstfeld).<\/li>\n<\/ul>\n<ul>\n<li>Costronic errang einen Vertrag von mehreren Millionen Franken verteilt auf 4 Jahre f\u00fcr die komplette Leitsystem Renovation der Anlagen von Verbois und Seujet (SIG).<\/li>\n<\/ul>\n\n\t\t<\/div> \n\t<\/div> <\/div>\n <div class=\"blank_spacer span12 \" style=\"height:40px;\"><\/div>\n <div class=\"row\">\n\t<div class=\"wpb_content_element span12 wpb_text_column\">\n\t\t<div class=\"wpb_wrapper clearfix\">\n\t\t\t\n<h2>Unsere letzten Ausf\u00fchrungen<\/h2>\n<hr \/>\n\n\t\t<\/div> \n\t<\/div> <\/div>\n <div class=\"row\">\n\t<div class=\"wpb_content_element span12 wpb_text_column\">\n\t\t<div class=\"wpb_wrapper clearfix\">\n\t\t\t\n<ul>\n<li>Die komplette Sanierung des Leitsystems (Allgemeines, Leitung, Staudamm, Gruppen und Eigenbedarf) des Kraftwerks in Verbois ist nun abgeschlossen und liegt in den H\u00e4nden der Betreiber.<\/li>\n<\/ul>\n<ul>\n<li>Costronic AG k\u00fcmmert sich um die Wartung des neuen Dispositionssystems in Giubiasco, das k\u00fcrzlich an die Stadtwerke Bellinzona geliefert wurde.<\/li>\n<\/ul>\n\n\t\t<\/div> \n\t<\/div> <\/div>\n <div class=\"blank_spacer span12 \" style=\"height:40px;\"><\/div>\n <div class=\"row\">\n\t<div class=\"wpb_content_element span12 wpb_text_column\">\n\t\t<div class=\"wpb_wrapper clearfix\">\n\t\t\t\n<h2>Datenbl\u00e4tter<\/h2>\n<hr \/>\n\n\t\t<\/div> \n\t<\/div> <\/div>\n <div class=\"row\">\n\t<div class=\"wpb_content_element span3 wpb_text_column\">\n\t\t<div class=\"wpb_wrapper clearfix\">\n\t\t\t\n<div style=\"color: red;\">\n<p><a href=\"https:\/\/www.costronic.ch\/wp-content\/uploads\/2015\/12\/janvier-2005_d.pdf\" target=\"_blank\" rel=\"noopener noreferrer\"><img loading=\"lazy\" decoding=\"async\" class=\"hoverZoomLink aligncenter wp-image-1112\" src=\"https:\/\/www.costronic.ch\/wp-content\/uploads\/2015\/12\/janvier-2015_f-248x300.png\" alt=\"\" width=\"203\" height=\"245\" srcset=\"https:\/\/www.costronic.ch\/wp-content\/uploads\/2015\/12\/janvier-2015_f-248x300.png 248w, https:\/\/www.costronic.ch\/wp-content\/uploads\/2015\/12\/janvier-2015_f.png 359w\" sizes=\"(max-width: 203px) 100vw, 203px\" \/><\/a><\/p>\n<p style=\"text-align: center;\"><span style=\"text-decoration: underline; color: #333399;\"><span style=\"text-decoration: underline;\"><a style=\"color: #333399; text-decoration: underline;\" href=\"https:\/\/www.costronic.ch\/wp-content\/uploads\/2015\/12\/janvier-2005_d.pdf\" target=\"_blank\" rel=\"noopener noreferrer\">Ein cleveres Leitsystem<\/a><\/span><\/span><\/p>\n<\/div>\n\n\t\t<\/div> \n\t<\/div>  \n\t<div class=\"wpb_content_element span3 wpb_text_column\">\n\t\t<div class=\"wpb_wrapper clearfix\">\n\t\t\t\n<div style=\"color: red;\">\n<p><a href=\"https:\/\/www.costronic.ch\/wp-content\/uploads\/2014\/10\/Standard-ou-sur-mesure-..._d.pdf\" target=\"_blank\" rel=\"noopener noreferrer\"><img loading=\"lazy\" decoding=\"async\" class=\"aligncenter wp-image-300 hoverZoomLink\" src=\"https:\/\/www.costronic.ch\/wp-content\/uploads\/2014\/10\/costronic_standard_ou_sur-mersure-211x300.png\" alt=\"\" width=\"175\" height=\"248\" srcset=\"https:\/\/www.costronic.ch\/wp-content\/uploads\/2014\/10\/costronic_standard_ou_sur-mersure-211x300.png 211w, https:\/\/www.costronic.ch\/wp-content\/uploads\/2014\/10\/costronic_standard_ou_sur-mersure.png 494w\" sizes=\"(max-width: 175px) 100vw, 175px\" \/><\/a><\/p>\n<p style=\"text-align: center;\"><a style=\"color: #333399; text-decoration: underline;\" href=\"https:\/\/www.costronic.ch\/wp-content\/uploads\/2014\/10\/Standard-ou-sur-mesure-..._d.pdf\" target=\"_blank\" rel=\"noopener noreferrer\">Standard oder massgeschneidert &#8230;<\/a><\/p>\n<\/div>\n\n\t\t<\/div> \n\t<\/div>  \n\t<div class=\"wpb_content_element span3 wpb_text_column\">\n\t\t<div class=\"wpb_wrapper clearfix\">\n\t\t\t\n<div style=\"color: red;\">\n<p><a href=\"https:\/\/www.costronic.ch\/wp-content\/uploads\/2015\/12\/Poste-MT_d.pdf\" target=\"_blank\" rel=\"noopener noreferrer\"><img loading=\"lazy\" decoding=\"async\" class=\"hoverZoomLink aligncenter wp-image-528\" src=\"https:\/\/www.costronic.ch\/wp-content\/uploads\/2015\/02\/post_mt1-212x300.png\" alt=\"\" width=\"175\" height=\"248\" srcset=\"https:\/\/www.costronic.ch\/wp-content\/uploads\/2015\/02\/post_mt1-212x300.png 212w, https:\/\/www.costronic.ch\/wp-content\/uploads\/2015\/02\/post_mt1-724x1024.png 724w, https:\/\/www.costronic.ch\/wp-content\/uploads\/2015\/02\/post_mt1.png 986w\" sizes=\"(max-width: 175px) 100vw, 175px\" \/><\/a><\/p>\n<p style=\"text-align: center;\"><span style=\"text-decoration: underline; color: #333399;\"><span style=\"text-decoration: underline;\"><a style=\"color: #333399; text-decoration: underline;\" href=\"https:\/\/www.costronic.ch\/wp-content\/uploads\/2015\/12\/Poste-MT_d.pdf\" target=\"_blank\" rel=\"noopener noreferrer\">Unterwerke MT<\/a><\/span><\/span><\/p>\n<\/div>\n\n\t\t<\/div> \n\t<\/div>  \n\t<div class=\"wpb_content_element span3 wpb_text_column\">\n\t\t<div class=\"wpb_wrapper clearfix\">\n\t\t\t\n<div style=\"color: red;\">\n<p><a href=\"https:\/\/www.costronic.ch\/wp-content\/uploads\/2015\/02\/juin-2004_d.pdf\" target=\"_blank\" rel=\"noopener noreferrer\"><img loading=\"lazy\" decoding=\"async\" class=\"aligncenter wp-image-298 hoverZoomLink\" src=\"https:\/\/www.costronic.ch\/wp-content\/uploads\/2014\/10\/costronic_lavey-231x300.png\" alt=\"\" width=\"189\" height=\"245\" srcset=\"https:\/\/www.costronic.ch\/wp-content\/uploads\/2014\/10\/costronic_lavey-231x300.png 231w, https:\/\/www.costronic.ch\/wp-content\/uploads\/2014\/10\/costronic_lavey.png 609w\" sizes=\"(max-width: 189px) 100vw, 189px\" \/><\/a><\/p>\n<p style=\"text-align: center;\"><span style=\"text-decoration: underline; color: #333399;\"><span style=\"text-decoration: underline;\"><a style=\"color: #333399; text-decoration: underline;\" href=\"https:\/\/www.costronic.ch\/wp-content\/uploads\/2015\/02\/juin-2004_d.pdf\" target=\"_blank\" rel=\"noopener noreferrer\">Kraftwerk Lavey, ein Beispiel von 65&#8230;<\/a><\/span><\/span><\/p>\n<\/div>\n\n\t\t<\/div> \n\t<\/div> <\/div>\n <div class=\"row\">\n\t<div class=\"wpb_content_element span3 wpb_text_column\">\n\t\t<div class=\"wpb_wrapper clearfix\">\n\t\t\t\n<div style=\"color: red;\">\n<p><a href=\"https:\/\/www.costronic.ch\/wp-content\/uploads\/2015\/03\/Electricite-eau_d.pdf\" target=\"_blank\" rel=\"noopener noreferrer\"><img loading=\"lazy\" decoding=\"async\" class=\"aligncenter wp-image-297 hoverZoomLink\" src=\"https:\/\/www.costronic.ch\/wp-content\/uploads\/2014\/10\/costronic_electrivite_eau_industrie-210x300.png\" alt=\"\" width=\"172\" height=\"245\" srcset=\"https:\/\/www.costronic.ch\/wp-content\/uploads\/2014\/10\/costronic_electrivite_eau_industrie-210x300.png 210w, https:\/\/www.costronic.ch\/wp-content\/uploads\/2014\/10\/costronic_electrivite_eau_industrie.png 490w\" sizes=\"(max-width: 172px) 100vw, 172px\" \/><\/a><\/p>\n<p style=\"text-align: center;\"><span style=\"text-decoration: underline; color: #333399;\"><span style=\"text-decoration: underline;\"><a style=\"color: #333399; text-decoration: underline;\" href=\"https:\/\/www.costronic.ch\/wp-content\/uploads\/2015\/03\/Electricite-eau_d.pdf\" target=\"_blank\" rel=\"noopener noreferrer\">Strom, Wasser&#8230;<\/a><\/span><\/span><\/p>\n<\/div>\n\n\t\t<\/div> \n\t<\/div>  \n\t<div class=\"wpb_content_element span3 wpb_text_column\">\n\t\t<div class=\"wpb_wrapper clearfix\">\n\t\t\t\n<div style=\"color: red;\">\n<p><a href=\"https:\/\/www.costronic.ch\/wp-content\/uploads\/2015\/12\/20ans_d.pdf\" target=\"_blank\" rel=\"noopener noreferrer\"><img loading=\"lazy\" decoding=\"async\" class=\"hoverZoomLink aligncenter wp-image-1103\" src=\"https:\/\/www.costronic.ch\/wp-content\/uploads\/2015\/12\/20ans_f-228x300.png\" alt=\"\" width=\"186\" height=\"245\" srcset=\"https:\/\/www.costronic.ch\/wp-content\/uploads\/2015\/12\/20ans_f-228x300.png 228w, https:\/\/www.costronic.ch\/wp-content\/uploads\/2015\/12\/20ans_f.png 330w\" sizes=\"(max-width: 186px) 100vw, 186px\" \/><\/a><\/p>\n<p style=\"text-align: center;\"><span style=\"text-decoration: underline; color: #333399;\"><span style=\"text-decoration: underline;\"><a style=\"color: #333399; text-decoration: underline;\" href=\"https:\/\/www.costronic.ch\/wp-content\/uploads\/2015\/12\/20ans_d.pdf\" target=\"_blank\" rel=\"noopener noreferrer\">20 Jahre<\/a><\/span><\/span><\/p>\n<\/div>\n\n\t\t<\/div> \n\t<\/div> <\/div>\n\n","protected":false},"excerpt":{"rendered":"","protected":false},"author":3,"featured_media":0,"parent":0,"menu_order":0,"comment_status":"open","ping_status":"open","template":"","meta":{"footnotes":""},"class_list":["post-460","page","type-page","status-publish","hentry"],"jetpack_sharing_enabled":true,"jetpack_shortlink":"https:\/\/wp.me\/P5cYP3-7q","_links":{"self":[{"href":"https:\/\/www.costronic.ch\/index.php\/wp-json\/wp\/v2\/pages\/460"}],"collection":[{"href":"https:\/\/www.costronic.ch\/index.php\/wp-json\/wp\/v2\/pages"}],"about":[{"href":"https:\/\/www.costronic.ch\/index.php\/wp-json\/wp\/v2\/types\/page"}],"author":[{"embeddable":true,"href":"https:\/\/www.costronic.ch\/index.php\/wp-json\/wp\/v2\/users\/3"}],"replies":[{"embeddable":true,"href":"https:\/\/www.costronic.ch\/index.php\/wp-json\/wp\/v2\/comments?post=460"}],"version-history":[{"count":56,"href":"https:\/\/www.costronic.ch\/index.php\/wp-json\/wp\/v2\/pages\/460\/revisions"}],"predecessor-version":[{"id":21138,"href":"https:\/\/www.costronic.ch\/index.php\/wp-json\/wp\/v2\/pages\/460\/revisions\/21138"}],"wp:attachment":[{"href":"https:\/\/www.costronic.ch\/index.php\/wp-json\/wp\/v2\/media?parent=460"}],"curies":[{"name":"wp","href":"https:\/\/api.w.org\/{rel}","templated":true}]}}