{"id":434,"date":"2015-02-09T11:42:23","date_gmt":"2015-02-09T10:42:23","guid":{"rendered":"http:\/\/www.costronic.ch\/?page_id=434"},"modified":"2019-12-20T15:44:50","modified_gmt":"2019-12-20T13:44:50","slug":"dienste-und-anwendungen","status":"publish","type":"page","link":"https:\/\/www.costronic.ch\/index.php\/dienste-und-anwendungen\/","title":{"rendered":"Dienste und Anwendungen"},"content":{"rendered":"<p><img loading=\"lazy\" decoding=\"async\" class=\"alignleft wp-image-289\" src=\"https:\/\/www.costronic.ch\/wp-content\/uploads\/2015\/01\/iStock_000025334405Large1-1024x682.jpg\" alt=\"\" width=\"466\" height=\"310\" srcset=\"https:\/\/www.costronic.ch\/wp-content\/uploads\/2015\/01\/iStock_000025334405Large1-1024x682.jpg 1024w, https:\/\/www.costronic.ch\/wp-content\/uploads\/2015\/01\/iStock_000025334405Large1-300x200.jpg 300w, https:\/\/www.costronic.ch\/wp-content\/uploads\/2015\/01\/iStock_000025334405Large1-1280x853.jpg 1280w, https:\/\/www.costronic.ch\/wp-content\/uploads\/2015\/01\/iStock_000025334405Large1.jpg 1500w\" sizes=\"(max-width: 466px) 100vw, 466px\" \/><\/p>\n<p>Als echter Integrator unterst\u00fctzt Costronic seine Kunden w\u00e4hrend des gesamten Lebenszyklus des Projekts.<\/p>\n<p>Im Rahmen der Realisierung der Anlagenerrichtung, von der Ingenieurleistung bis hin zur Wartung, ber\u00fccksichtigen unsere ma\u00dfgeschneiderten L\u00f6sungen die spezifischen Bed\u00fcrfnisse jedes Kunden.<\/p>\n<p>Unsere Spezialisten setzen sich in folgenden Sachbereichen ein:<\/p>\n<ul>\n<li>&#8211; \u00a0Vorstudie nach Bedarfsanalyse<\/li>\n<li>&#8211; \u00a0Dimensionierung, Detail-Engineering und Bauf\u00fchrung<\/li>\n<li>&#8211; \u00a0Beschaffung, Gestaltung und Lieferung des Materials<\/li>\n<li>&#8211; \u00a0Installierung und Umsetzung bis zur Freigabe<\/li>\n<li>&#8211; \u00a0Kundendienst und Video\u00fcberwachung Ihrer Ausr\u00fcstung (inklusiv periodische Kontrolle)<\/li>\n<\/ul>\n<p>Elektroarbeiten wie Schaltschr\u00e4nke und Verkabelung werden von Unterlieferanten erledigt; diese werden vollst\u00e4ndig von Costronic getestet und validiert.<\/p>\n","protected":false},"excerpt":{"rendered":"<p>Als echter Integrator unterst\u00fctzt Costronic seine Kunden w\u00e4hrend des gesamten Lebenszyklus des Projekts. Im Rahmen der Realisierung der Anlagenerrichtung, von der Ingenieurleistung bis hin zur Wartung, ber\u00fccksichtigen unsere ma\u00dfgeschneiderten L\u00f6sungen die spezifischen Bed\u00fcrfnisse jedes Kunden. Unsere Spezialisten setzen sich in folgenden Sachbereichen ein: &#8211; \u00a0Vorstudie nach Bedarfsanalyse &#8211; \u00a0Dimensionierung, Detail-Engineering und Bauf\u00fchrung &#8211; \u00a0Beschaffung, Gestaltung und Lieferung des Materials &#8211; [&hellip;]<\/p>\n","protected":false},"author":3,"featured_media":0,"parent":0,"menu_order":0,"comment_status":"open","ping_status":"open","template":"","meta":{"footnotes":""},"class_list":["post-434","page","type-page","status-publish","hentry"],"jetpack_sharing_enabled":true,"jetpack_shortlink":"https:\/\/wp.me\/P5cYP3-70","_links":{"self":[{"href":"https:\/\/www.costronic.ch\/index.php\/wp-json\/wp\/v2\/pages\/434"}],"collection":[{"href":"https:\/\/www.costronic.ch\/index.php\/wp-json\/wp\/v2\/pages"}],"about":[{"href":"https:\/\/www.costronic.ch\/index.php\/wp-json\/wp\/v2\/types\/page"}],"author":[{"embeddable":true,"href":"https:\/\/www.costronic.ch\/index.php\/wp-json\/wp\/v2\/users\/3"}],"replies":[{"embeddable":true,"href":"https:\/\/www.costronic.ch\/index.php\/wp-json\/wp\/v2\/comments?post=434"}],"version-history":[{"count":6,"href":"https:\/\/www.costronic.ch\/index.php\/wp-json\/wp\/v2\/pages\/434\/revisions"}],"predecessor-version":[{"id":3045,"href":"https:\/\/www.costronic.ch\/index.php\/wp-json\/wp\/v2\/pages\/434\/revisions\/3045"}],"wp:attachment":[{"href":"https:\/\/www.costronic.ch\/index.php\/wp-json\/wp\/v2\/media?parent=434"}],"curies":[{"name":"wp","href":"https:\/\/api.w.org\/{rel}","templated":true}]}}