{"id":25,"date":"2014-10-06T16:05:41","date_gmt":"2014-10-06T15:05:41","guid":{"rendered":"http:\/\/www.costronic.ch\/?page_id=25"},"modified":"2016-09-16T14:55:44","modified_gmt":"2016-09-16T12:55:44","slug":"competences","status":"publish","type":"page","link":"https:\/\/www.costronic.ch\/index.php\/competences\/","title":{"rendered":"Comp\u00e9tences"},"content":{"rendered":"<div class=\"row\">\n\t<div class=\"wpb_content_element span12 wpb_text_column\">\n\t\t<div class=\"wpb_wrapper clearfix\">\n\t\t\t\n<h2>Comp\u00e9tences<\/h2>\n<hr \/>\n<p>&nbsp;<\/p>\n\n\t\t<\/div> \n\t<\/div> <\/div>\n <div class=\"row\">\n\t<div class=\"wpb_content_element span12 wpb_text_column\">\n\t\t<div class=\"wpb_wrapper clearfix\">\n\t\t\t\n<p><img loading=\"lazy\" decoding=\"async\" class=\"alignleft wp-image-365\" src=\"https:\/\/www.costronic.ch\/wp-content\/uploads\/2014\/10\/illu_costro-012-300x300.png\" alt=\"\" width=\"420\" height=\"420\" srcset=\"https:\/\/www.costronic.ch\/wp-content\/uploads\/2014\/10\/illu_costro-012-300x300.png 300w, https:\/\/www.costronic.ch\/wp-content\/uploads\/2014\/10\/illu_costro-012-150x150.png 150w, https:\/\/www.costronic.ch\/wp-content\/uploads\/2014\/10\/illu_costro-012.png 625w\" sizes=\"(max-width: 420px) 100vw, 420px\" \/>Costronic a d\u00e9velopp\u00e9 une large palette de comp\u00e9tences qui permet de les f\u00e9d\u00e9rer en un tout coh\u00e9rent et ainsi proposer des solutions cl\u00e9 en main, orient\u00e9es vers la pratique, et appropri\u00e9es \u00e0 chaque type de projet.<\/p>\n<p><strong>Nous intervenons dans les domaines de comp\u00e9tences suivants :<\/strong><\/p>\n<ul>\n<li>L\u2019informatique et les r\u00e9seaux industriels, syst\u00e8mes de supervision, SCADA<\/li>\n<li>L\u2019ing\u00e9nierie d\u2019automatisme et de contr\u00f4le commande<\/li>\n<li>La r\u00e9gulation de proc\u00e9d\u00e9s, la gestion de l\u2019\u00e9nergie<\/li>\n<li>L\u2019ing\u00e9nierie \u00e9lectrique (sch\u00e9matique, listes, nomenclatures, \u2026)<\/li>\n<li>La construction et mise en place de tableaux \u00e9lectriques<\/li>\n<\/ul>\n<p><strong>Ces activit\u00e9s de projets sont compl\u00e9t\u00e9es par des comp\u00e9tences sp\u00e9cifiques \u00e0 haute valeur ajout\u00e9e\u00a0:<\/strong><\/p>\n<ul>\n<li>La r\u00e9gulation de vitesse des groupes hydro\u00e9lectriques (Pelton, Francis, Kaplan, \u2026)<\/li>\n<li>La r\u00e9gulation de tension des groupes hydro\u00e9lectriques<\/li>\n<li>L\u2019analyse, le calcul et r\u00e9glage des protections \u00e9lectriques\u00a0des groupes hydro\u00e9lectriques<\/li>\n<li>L\u2019optimisation de vos installations au niveau du contr\u00f4le commande, des r\u00e9gimes hydrauliques et de la gestion globale de l\u2019am\u00e9nagement<\/li>\n<li>La mise en place d\u2019outil\u00a0de conduite automatiques de installation\u00a0pour le pr\u00e9visionnel et la planification de vos am\u00e9nagements hydro\u00e9lectriques<\/li>\n<\/ul>\n\n\t\t<\/div> \n\t<\/div> <\/div>\n\n","protected":false},"excerpt":{"rendered":"","protected":false},"author":3,"featured_media":0,"parent":0,"menu_order":0,"comment_status":"open","ping_status":"open","template":"","meta":{"footnotes":""},"class_list":["post-25","page","type-page","status-publish","hentry"],"jetpack_sharing_enabled":true,"jetpack_shortlink":"https:\/\/wp.me\/P5cYP3-p","_links":{"self":[{"href":"https:\/\/www.costronic.ch\/index.php\/wp-json\/wp\/v2\/pages\/25"}],"collection":[{"href":"https:\/\/www.costronic.ch\/index.php\/wp-json\/wp\/v2\/pages"}],"about":[{"href":"https:\/\/www.costronic.ch\/index.php\/wp-json\/wp\/v2\/types\/page"}],"author":[{"embeddable":true,"href":"https:\/\/www.costronic.ch\/index.php\/wp-json\/wp\/v2\/users\/3"}],"replies":[{"embeddable":true,"href":"https:\/\/www.costronic.ch\/index.php\/wp-json\/wp\/v2\/comments?post=25"}],"version-history":[{"count":27,"href":"https:\/\/www.costronic.ch\/index.php\/wp-json\/wp\/v2\/pages\/25\/revisions"}],"predecessor-version":[{"id":1186,"href":"https:\/\/www.costronic.ch\/index.php\/wp-json\/wp\/v2\/pages\/25\/revisions\/1186"}],"wp:attachment":[{"href":"https:\/\/www.costronic.ch\/index.php\/wp-json\/wp\/v2\/media?parent=25"}],"curies":[{"name":"wp","href":"https:\/\/api.w.org\/{rel}","templated":true}]}}