{"id":23,"date":"2014-10-06T16:05:33","date_gmt":"2014-10-06T15:05:33","guid":{"rendered":"http:\/\/www.costronic.ch\/?page_id=23"},"modified":"2015-11-23T15:28:40","modified_gmt":"2015-11-23T13:28:40","slug":"services-et-applications","status":"publish","type":"page","link":"https:\/\/www.costronic.ch\/index.php\/services-et-applications\/","title":{"rendered":"Services et applications"},"content":{"rendered":"<p><img loading=\"lazy\" decoding=\"async\" class=\"alignleft wp-image-289\" src=\"https:\/\/www.costronic.ch\/wp-content\/uploads\/2015\/01\/iStock_000025334405Large1-1024x682.jpg\" alt=\"\" width=\"466\" height=\"310\" srcset=\"https:\/\/www.costronic.ch\/wp-content\/uploads\/2015\/01\/iStock_000025334405Large1-1024x682.jpg 1024w, https:\/\/www.costronic.ch\/wp-content\/uploads\/2015\/01\/iStock_000025334405Large1-300x200.jpg 300w, https:\/\/www.costronic.ch\/wp-content\/uploads\/2015\/01\/iStock_000025334405Large1-1280x853.jpg 1280w, https:\/\/www.costronic.ch\/wp-content\/uploads\/2015\/01\/iStock_000025334405Large1.jpg 1500w\" sizes=\"(max-width: 466px) 100vw, 466px\" \/>V\u00e9ritable ensemblier, Costronic accompagnent ses clients durant tout le cycle de vie du projet.<\/p>\n<p>De l&rsquo;ing\u00e9nierie \u00e0 la maintenance, en passant par la r\u00e9alisation des \u00e9quipements, nos solutions sur mesure tiennent compte des besoins sp\u00e9cifiques de chaque client<\/p>\n<p>Nos sp\u00e9cialistes \u0153uvrent dans les champs d&rsquo;expertise suivants :<\/p>\n<ul>\n<li>&#8211; \u00a0L\u2019\u00e9tude d\u2019avant-projet, apr\u00e8s analyse des besoins<\/li>\n<li>&#8211; \u00a0Le dimensionnement, l\u2019engineering de d\u00e9tail et la conduite de travaux<\/li>\n<li>&#8211; \u00a0L&rsquo;achat, la conception et la livraison des mat\u00e9riels<\/li>\n<li>&#8211; \u00a0L&rsquo;installation et la mise en \u0153uvre jusqu\u2019\u00e0 la validation<\/li>\n<li>&#8211; \u00a0Le service apr\u00e8s-vente et la t\u00e9l\u00e9surveillance de vos \u00e9quipements (inclus contr\u00f4le p\u00e9riodique)<\/li>\n<\/ul>\n<p>Les travaux \u00e9lectriques tels que les armoires \u00e9lectriques et le c\u00e2blage sont r\u00e9alis\u00e9s en sous-traitance\u00a0; ils sont enti\u00e8rement test\u00e9s et valid\u00e9s par Costronic.<\/p>\n<p>&nbsp;<\/p>\n","protected":false},"excerpt":{"rendered":"<p>V\u00e9ritable ensemblier, Costronic accompagnent ses clients durant tout le cycle de vie du projet. De l&rsquo;ing\u00e9nierie \u00e0 la maintenance, en passant par la r\u00e9alisation des \u00e9quipements, nos solutions sur mesure tiennent compte des besoins sp\u00e9cifiques de chaque client Nos sp\u00e9cialistes \u0153uvrent dans les champs d&rsquo;expertise suivants : &#8211; \u00a0L\u2019\u00e9tude d\u2019avant-projet, apr\u00e8s analyse des besoins &#8211; \u00a0Le dimensionnement, l\u2019engineering de d\u00e9tail [&hellip;]<\/p>\n","protected":false},"author":3,"featured_media":0,"parent":0,"menu_order":0,"comment_status":"open","ping_status":"open","template":"","meta":{"footnotes":""},"class_list":["post-23","page","type-page","status-publish","hentry"],"jetpack_sharing_enabled":true,"jetpack_shortlink":"https:\/\/wp.me\/P5cYP3-n","_links":{"self":[{"href":"https:\/\/www.costronic.ch\/index.php\/wp-json\/wp\/v2\/pages\/23"}],"collection":[{"href":"https:\/\/www.costronic.ch\/index.php\/wp-json\/wp\/v2\/pages"}],"about":[{"href":"https:\/\/www.costronic.ch\/index.php\/wp-json\/wp\/v2\/types\/page"}],"author":[{"embeddable":true,"href":"https:\/\/www.costronic.ch\/index.php\/wp-json\/wp\/v2\/users\/3"}],"replies":[{"embeddable":true,"href":"https:\/\/www.costronic.ch\/index.php\/wp-json\/wp\/v2\/comments?post=23"}],"version-history":[{"count":17,"href":"https:\/\/www.costronic.ch\/index.php\/wp-json\/wp\/v2\/pages\/23\/revisions"}],"predecessor-version":[{"id":1086,"href":"https:\/\/www.costronic.ch\/index.php\/wp-json\/wp\/v2\/pages\/23\/revisions\/1086"}],"wp:attachment":[{"href":"https:\/\/www.costronic.ch\/index.php\/wp-json\/wp\/v2\/media?parent=23"}],"curies":[{"name":"wp","href":"https:\/\/api.w.org\/{rel}","templated":true}]}}