{"id":21,"date":"2014-10-06T16:05:14","date_gmt":"2014-10-06T15:05:14","guid":{"rendered":"http:\/\/www.costronic.ch\/?page_id=21"},"modified":"2015-11-23T15:56:19","modified_gmt":"2015-11-23T13:56:19","slug":"domaines-dactivites","status":"publish","type":"page","link":"https:\/\/www.costronic.ch\/index.php\/domaines-dactivites\/","title":{"rendered":"Domaines d&rsquo;activit\u00e9s"},"content":{"rendered":"<p><img loading=\"lazy\" decoding=\"async\" class=\"&quot; style=&quot;margin: 15px;&quot; alignleft wp-image-215\" style=\"margin-right: 20px;\" src=\"https:\/\/www.costronic.ch\/wp-content\/uploads\/2014\/10\/4-images1-1024x576.jpg\" alt=\"\" width=\"753\" height=\"423\" srcset=\"https:\/\/www.costronic.ch\/wp-content\/uploads\/2014\/10\/4-images1-1024x576.jpg 1024w, https:\/\/www.costronic.ch\/wp-content\/uploads\/2014\/10\/4-images1-300x168.jpg 300w, https:\/\/www.costronic.ch\/wp-content\/uploads\/2014\/10\/4-images1.jpg 1280w\" sizes=\"(max-width: 753px) 100vw, 753px\" \/>Intervenant pour des domaines diversifi\u00e9s, Costronic con\u00e7oit, fabrique et installe cl\u00e9s en main, vos syst\u00e8mes de contr\u00f4le et d\u2019automatisme.<\/p>\n<p>&nbsp;<\/p>\n<p>Si Costronic se veut pr\u00e9sente dans tout projet de contr\u00f4le-commande, elle est sp\u00e9cialement un int\u00e9grateur appr\u00e9ci\u00e9 des grands producteurs et distributeurs d&rsquo;\u00e9lectricit\u00e9.<\/p>\n<p>&nbsp;<\/p>\n<p>Nos solutions couvrent les secteurs d\u2019activit\u00e9s suivants :<\/p>\n<ul>\n<li>&#8211; \u00a0Les centrales hydrauliques<\/li>\n<li>&#8211; \u00a0Le transport d&rsquo;\u00e9nergie (HT-MT-BT)<\/li>\n<li>&#8211; \u00a0Le traitement de l\u2019eau<\/li>\n<li>&#8211; \u00a0L\u2019industrie et les services des routes<\/li>\n<\/ul>\n","protected":false},"excerpt":{"rendered":"<p>Intervenant pour des domaines diversifi\u00e9s, Costronic con\u00e7oit, fabrique et installe cl\u00e9s en main, vos syst\u00e8mes de contr\u00f4le et d\u2019automatisme. &nbsp; Si Costronic se veut pr\u00e9sente dans tout projet de contr\u00f4le-commande, elle est sp\u00e9cialement un int\u00e9grateur appr\u00e9ci\u00e9 des grands producteurs et distributeurs d&rsquo;\u00e9lectricit\u00e9. &nbsp; Nos solutions couvrent les secteurs d\u2019activit\u00e9s suivants : &#8211; \u00a0Les centrales hydrauliques &#8211; \u00a0Le transport d&rsquo;\u00e9nergie (HT-MT-BT) [&hellip;]<\/p>\n","protected":false},"author":3,"featured_media":0,"parent":0,"menu_order":0,"comment_status":"open","ping_status":"open","template":"","meta":{"footnotes":""},"class_list":["post-21","page","type-page","status-publish","hentry"],"jetpack_sharing_enabled":true,"jetpack_shortlink":"https:\/\/wp.me\/P5cYP3-l","_links":{"self":[{"href":"https:\/\/www.costronic.ch\/index.php\/wp-json\/wp\/v2\/pages\/21"}],"collection":[{"href":"https:\/\/www.costronic.ch\/index.php\/wp-json\/wp\/v2\/pages"}],"about":[{"href":"https:\/\/www.costronic.ch\/index.php\/wp-json\/wp\/v2\/types\/page"}],"author":[{"embeddable":true,"href":"https:\/\/www.costronic.ch\/index.php\/wp-json\/wp\/v2\/users\/3"}],"replies":[{"embeddable":true,"href":"https:\/\/www.costronic.ch\/index.php\/wp-json\/wp\/v2\/comments?post=21"}],"version-history":[{"count":17,"href":"https:\/\/www.costronic.ch\/index.php\/wp-json\/wp\/v2\/pages\/21\/revisions"}],"predecessor-version":[{"id":1085,"href":"https:\/\/www.costronic.ch\/index.php\/wp-json\/wp\/v2\/pages\/21\/revisions\/1085"}],"wp:attachment":[{"href":"https:\/\/www.costronic.ch\/index.php\/wp-json\/wp\/v2\/media?parent=21"}],"curies":[{"name":"wp","href":"https:\/\/api.w.org\/{rel}","templated":true}]}}