{"id":13,"date":"2014-10-06T16:04:17","date_gmt":"2014-10-06T15:04:17","guid":{"rendered":"http:\/\/www.costronic.ch\/?page_id=13"},"modified":"2016-09-16T14:51:55","modified_gmt":"2016-09-16T12:51:55","slug":"costronic","status":"publish","type":"page","link":"https:\/\/www.costronic.ch\/index.php\/costronic\/","title":{"rendered":"En un coup d&rsquo;oeil"},"content":{"rendered":"<div class=\"row\">\n\t<div class=\"wpb_content_element span12 wpb_text_column\">\n\t\t<div class=\"wpb_wrapper clearfix\">\n\t\t\t\n<h2 style=\"text-align: left;\">Valeur ajout\u00e9e<\/h2>\n<hr \/>\n<p>&nbsp;<\/p>\n\n\t\t<\/div> \n\t<\/div> <\/div>\n <div class=\"row\">\n\t<div class=\"wpb_content_element span6 wpb_text_column\">\n\t\t<div class=\"wpb_wrapper clearfix\">\n\t\t\t\n<h3><img loading=\"lazy\" decoding=\"async\" class=\"aligncenter wp-image-288 size-large\" src=\"https:\/\/www.costronic.ch\/wp-content\/uploads\/2015\/01\/iStock_000029949966Large1-1024x819.jpg\" alt=\"teamwork\" width=\"1024\" height=\"819\" srcset=\"https:\/\/www.costronic.ch\/wp-content\/uploads\/2015\/01\/iStock_000029949966Large1-1024x819.jpg 1024w, https:\/\/www.costronic.ch\/wp-content\/uploads\/2015\/01\/iStock_000029949966Large1-300x240.jpg 300w, https:\/\/www.costronic.ch\/wp-content\/uploads\/2015\/01\/iStock_000029949966Large1-1280x1024.jpg 1280w, https:\/\/www.costronic.ch\/wp-content\/uploads\/2015\/01\/iStock_000029949966Large1.jpg 1500w\" sizes=\"(max-width: 1024px) 100vw, 1024px\" \/><\/h3>\n\n\t\t<\/div> \n\t<\/div>  \n\t<div class=\"wpb_content_element span6 wpb_text_column\">\n\t\t<div class=\"wpb_wrapper clearfix\">\n\t\t\t\n<p><strong>Notre raison d&rsquo;\u00eatre<\/strong><\/p>\n<p>Derri\u00e8re chaque projet ou installation, il y a une histoire, des contraintes, des habitudes, des personnes ayant besoin de solutions nouvelles et innovantes.<\/p>\n<p>Par notre ind\u00e9pendance, nous garantissons notre volont\u00e9 de rechercher pour chacun de nos clients la solution la plus appropri\u00e9e.<\/p>\n<p><strong>Notre mission<\/strong><\/p>\n<p>Etre un partenaire fiable et efficace.<\/p>\n<p>Vous offrir une disponibilit\u00e9 optimale pour garantir au quotidien l\u2019exploitation et la p\u00e9rennit\u00e9 de vos installations.<\/p>\n<p>Rechercher sans cesse de nouvelles solutions pour optimiser vos installations.<\/p>\n<p>Un d\u00e9veloppement constant des comp\u00e9tences de nos collaborateurs.<\/p>\n<p><strong>Nos atouts<\/strong><\/p>\n<p>Une entreprise \u00e0 taille humaine capable de vous fournir des prestations sur mesure.<\/p>\n<p>Une \u00e9quipe pluridisciplinaire pour une offre diversifi\u00e9e.<\/p>\n<p>Une ind\u00e9pendance structurelle et financi\u00e8re vis \u00e0 vis des fournisseurs.<\/p>\n\n\t\t<\/div> \n\t<\/div> <\/div>\n <div class=\"blank_spacer span12 \" style=\"height:30px;\"><\/div>\n <div class=\"row\">\n\t<div class=\"wpb_content_element span12 wpb_text_column\">\n\t\t<div class=\"wpb_wrapper clearfix\">\n\t\t\t\n<h2 style=\"text-align: left;\">Management de qualit\u00e9<\/h2>\n<hr \/>\n<p>&nbsp;<\/p>\n\n\t\t<\/div> \n\t<\/div> <\/div>\n <div class=\"row\">\n\t<div class=\"wpb_content_element span12 wpb_text_column\">\n\t\t<div class=\"wpb_wrapper clearfix\">\n\t\t\t\n<p>Notre politique qualit\u00e9 est trac\u00e9e pour l&rsquo;ensemble de nos directives.<\/p>\n<p>Nous sommes certifi\u00e9s ISO 9001 version 2015.<\/p>\n\n\t\t<\/div> \n\t<\/div> <\/div>\n <div class=\"blank_spacer span12 \" style=\"height:30px;\"><\/div>\n <div class=\"row\">\n\t<div class=\"wpb_content_element span12 wpb_text_column\">\n\t\t<div class=\"wpb_wrapper clearfix\">\n\t\t\t\n<h2 style=\"text-align: left;\">Historique<\/h2>\n<hr \/>\n<p>&nbsp;<\/p>\n\n\t\t<\/div> \n\t<\/div> <\/div>\n <div class=\"row\">\n\t<div class=\"wpb_content_element span3 wpb_text_column\">\n\t\t<div class=\"wpb_wrapper clearfix\">\n\t\t\t\n<h3>1956<\/h3>\n<p>Fondation de Panel SA,<\/p>\n<p>CH-1028 Pr\u00e9verenges (filiale de SACT Cossonay Holding S.A)<\/p>\n\n\t\t<\/div> \n\t<\/div>  \n\t<div class=\"wpb_content_element span3 wpb_text_column\">\n\t\t<div class=\"wpb_wrapper clearfix\">\n\t\t\t\n<h3>1986<\/h3>\n<p>Fondation de Costronic SA,<\/p>\n<p>CH &#8211; 1028 Pr\u00e9verenges (filiale de SACT Cossonay Holding S.A, reprise de l\u2019activit\u00e9 contr\u00f4le-commande de Panel SA)<\/p>\n\n\t\t<\/div> \n\t<\/div>  \n\t<div class=\"wpb_content_element span3 wpb_text_column\">\n\t\t<div class=\"wpb_wrapper clearfix\">\n\t\t\t\n<h3>1992<\/h3>\n<p>MBO de Costronic SA<\/p>\n\n\t\t<\/div> \n\t<\/div>  \n\t<div class=\"wpb_content_element span3 wpb_text_column\">\n\t\t<div class=\"wpb_wrapper clearfix\">\n\t\t\t\n<h3>2011<\/h3>\n<p>D\u00e9m\u00e9nagement de la soci\u00e9t\u00e9 \u00e0 CH &#8211; 1030 Bussigny<\/p>\n\n\t\t<\/div> \n\t<\/div> <\/div>\n\n","protected":false},"excerpt":{"rendered":"","protected":false},"author":3,"featured_media":0,"parent":0,"menu_order":0,"comment_status":"open","ping_status":"closed","template":"","meta":{"footnotes":""},"class_list":["post-13","page","type-page","status-publish","hentry"],"jetpack_sharing_enabled":true,"jetpack_shortlink":"https:\/\/wp.me\/P5cYP3-d","_links":{"self":[{"href":"https:\/\/www.costronic.ch\/index.php\/wp-json\/wp\/v2\/pages\/13"}],"collection":[{"href":"https:\/\/www.costronic.ch\/index.php\/wp-json\/wp\/v2\/pages"}],"about":[{"href":"https:\/\/www.costronic.ch\/index.php\/wp-json\/wp\/v2\/types\/page"}],"author":[{"embeddable":true,"href":"https:\/\/www.costronic.ch\/index.php\/wp-json\/wp\/v2\/users\/3"}],"replies":[{"embeddable":true,"href":"https:\/\/www.costronic.ch\/index.php\/wp-json\/wp\/v2\/comments?post=13"}],"version-history":[{"count":43,"href":"https:\/\/www.costronic.ch\/index.php\/wp-json\/wp\/v2\/pages\/13\/revisions"}],"predecessor-version":[{"id":1183,"href":"https:\/\/www.costronic.ch\/index.php\/wp-json\/wp\/v2\/pages\/13\/revisions\/1183"}],"wp:attachment":[{"href":"https:\/\/www.costronic.ch\/index.php\/wp-json\/wp\/v2\/media?parent=13"}],"curies":[{"name":"wp","href":"https:\/\/api.w.org\/{rel}","templated":true}]}}