{"id":11,"date":"2014-10-06T16:04:04","date_gmt":"2014-10-06T15:04:04","guid":{"rendered":"http:\/\/www.costronic.ch\/?page_id=11"},"modified":"2026-02-27T15:33:55","modified_gmt":"2026-02-27T13:33:55","slug":"actualites","status":"publish","type":"page","link":"https:\/\/www.costronic.ch\/index.php\/actualites\/","title":{"rendered":"Actualit\u00e9s"},"content":{"rendered":"<div class=\"row\">\n\t<div class=\"wpb_content_element span12 wpb_text_column\">\n\t\t<div class=\"wpb_wrapper clearfix\">\n\t\t\t\n<h2>News<\/h2>\n<hr \/>\n\n\t\t<\/div> \n\t<\/div> <\/div>\n <div class=\"row\">\n\t<div class=\"wpb_content_element span12 wpb_text_column\">\n\t\t<div class=\"wpb_wrapper clearfix\">\n\t\t\t\n<div>\n<ul>\n<li>Costronic se d\u00e9veloppe sur les march\u00e9s internationaux. En effet, nous sommes d\u00e9termin\u00e9s \u00e0 appliquer nos comp\u00e9tences hors de Suisse et avons d\u00e9cid\u00e9 de nous adosser \u00e0 un groupe international \u00e0 taille humaine, <span style=\"text-decoration: underline; color: #333399;\"><span style=\"text-decoration: underline;\"><a style=\"color: #333399; text-decoration: underline;\" href=\"http:\/\/www.cmr-group.com\/\" target=\"_blank\" rel=\"noopener noreferrer\">CMR Group<\/a><\/span><\/span>. Notre ambition commune est d\u2019\u00e9largir notre portefeuille de solutions et de les d\u00e9velopper sur les march\u00e9s des centrales hydro\u00e9lectriques et de la distribution \u00e9lectrique, principalement en Europe, en Afrique et en Asie (<span style=\"text-decoration: underline; color: #333399;\"><span style=\"text-decoration: underline;\"><a style=\"color: #333399; text-decoration: underline;\" href=\"https:\/\/www.costronic.ch\/wp-content\/uploads\/2019\/03\/Publipostage_f.pdf\" target=\"_blank\" rel=\"noopener noreferrer\">plus<\/a><\/span><\/span>).<\/li>\n<\/ul>\n<ul>\n<li>Costronic est le premier int\u00e9grateur de syst\u00e8me suisse sp\u00e9cialis\u00e9 dans le secteur de l\u2019\u00e9nergie et infrastructures \u00e0 atteindre le niveau de partenaire Or dans la communaut\u00e9 des partenaires <span style=\"text-decoration: underline; color: #333399;\"><span style=\"text-decoration: underline;\"><a style=\"color: #333399; text-decoration: underline;\" href=\"https:\/\/www.copadata.com\/en\/partner-community\/members\/?search=costronic#MO-partnerCommunity\" target=\"_blank\" rel=\"noopener noreferrer\">COPA-DATA<\/a><\/span><\/span>.<\/li>\n<\/ul>\n<ul>\n<li>Costronic est le partenaire id\u00e9al pour la migration de vos syst\u00e8mes Siemens SICAM 230 vers Zenon Energy Edition.<\/li>\n<\/ul>\n<ul>\n<li>Les soci\u00e9t\u00e9s Romande Energie SA et Avan\u00e7on Energie SA ont mandat\u00e9 Costronic l\u2019\u00e9tude et la mise en place compl\u00e8te du contr\u00f4le-commande et de la distribution d\u2019\u00e9nergie de la centrale de Vionnaz.<\/li>\n<\/ul>\n<ul>\n<li>Costronic SA r\u00e9alise actuellement la mise en place de la commande et protection 125kV du nouveau poste de Romanel appartenant au SIL. R\u00e9parti sur huit mois, ce projet d\u00e9licat doit \u00eatre ma\u00eetris\u00e9 de bout en bout tout en garantissant la s\u00e9curit\u00e9 de l\u2019approvisionnement.<\/li>\n<li>Nous r\u00e9alisons en ce moment le contr\u00f4le-commande complet du nouveau groupe de production (16.8MVA) de la centrale d\u2019Orsi\u00e8res (VS).<\/li>\n<\/ul>\n<ul>\n<li>La soci\u00e9t\u00e9 Syngenta \u00e0 Monthey, qui fabrique herbicides, fongicides et insecticides destin\u00e9s \u00e0 prot\u00e9ger les plus grandes cultures mondiales, a attribu\u00e9 \u00e0 Costronic la r\u00e9novation de la ventilation d\u2019un b\u00e2timent strat\u00e9gique du site.<\/li>\n<\/ul>\n<ul>\n<li>Le service des eaux de la Ville de Lausanne a mandat\u00e9 Costronic SA pour le renouvellement du contr\u00f4le-commande de la partie ultrafiltration avec syst\u00e8me redondant de l\u2019usine de traitement de l\u2019eau de Lutry.<\/li>\n<\/ul>\n<ul>\n<li>Nous arrivons en phase finale de la r\u00e9novation des automatismes (hors groupes) de la centrale de Ripshausen ainsi que la mise en place d\u2019un nouveau SCADA (Gemeindewerke Erstfeld).<\/li>\n<\/ul>\n<ul>\n<li>Costronic SA a remport\u00e9 un contrat de plusieurs millions de francs sur quatre ans pour la r\u00e9novation compl\u00e8te du contr\u00f4le-commande des am\u00e9nagements de Verbois et Seujet (SIG).<\/li>\n<\/ul>\n<\/div>\n\n\t\t<\/div> \n\t<\/div> <\/div>\n <div class=\"blank_spacer span12 \" style=\"height:40px;\"><\/div>\n <div class=\"row\">\n\t<div class=\"wpb_content_element span12 wpb_text_column\">\n\t\t<div class=\"wpb_wrapper clearfix\">\n\t\t\t\n<h2>Nos derni\u00e8res r\u00e9alisations<\/h2>\n<hr \/>\n\n\t\t<\/div> \n\t<\/div> <\/div>\n <div class=\"row\">\n\t<div class=\"wpb_content_element span12 wpb_text_column\">\n\t\t<div class=\"wpb_wrapper clearfix\">\n\t\t\t\n<ul>\n<li id=\"titre1\">La r\u00e9novation compl\u00e8te du contr\u00f4le-commande (G\u00e9n\u00e9ralit\u00e9s, gestion, barrage, groupes et services auxiliaires) de la centrale de Verbois est maintenant termin\u00e9e et en main des exploitants.<\/li>\n<\/ul>\n<ul>\n<li id=\"titre1\">Costronic SA s\u2019occupe de la maintenance du nouveau syst\u00e8me dispatching \u00e0 Giubiasco, r\u00e9cemment livr\u00e9 aupr\u00e8s des services municipaux de Bellinzone.<\/li>\n<\/ul>\n\n\t\t<\/div> \n\t<\/div> <\/div>\n <div class=\"blank_spacer span12 \" style=\"height:40px;\"><\/div>\n <div class=\"row\">\n\t<div class=\"wpb_content_element span12 wpb_text_column\">\n\t\t<div class=\"wpb_wrapper clearfix\">\n\t\t\t\n<h2>Fiches techniques<\/h2>\n<hr \/>\n\n\t\t<\/div> \n\t<\/div> <\/div>\n <div class=\"row\">\n\t<div class=\"wpb_content_element span3 wpb_text_column\">\n\t\t<div class=\"wpb_wrapper clearfix\">\n\t\t\t\n<div style=\"color: red;\">\n<p><a href=\"https:\/\/www.costronic.ch\/wp-content\/uploads\/2015\/12\/janvier-2005_f.pdf\" target=\"_blank\" rel=\"noopener noreferrer\"><img loading=\"lazy\" decoding=\"async\" class=\"hoverZoomLink aligncenter wp-image-1112\" src=\"https:\/\/www.costronic.ch\/wp-content\/uploads\/2015\/12\/janvier-2015_f-248x300.png\" alt=\"\" width=\"203\" height=\"245\" srcset=\"https:\/\/www.costronic.ch\/wp-content\/uploads\/2015\/12\/janvier-2015_f-248x300.png 248w, https:\/\/www.costronic.ch\/wp-content\/uploads\/2015\/12\/janvier-2015_f.png 359w\" sizes=\"(max-width: 203px) 100vw, 203px\" \/><\/a><\/p>\n<p style=\"text-align: center;\"><span style=\"text-decoration: underline; color: #333399;\"><span style=\"text-decoration: underline;\"><a style=\"color: #333399; text-decoration: underline;\" href=\"https:\/\/www.costronic.ch\/wp-content\/uploads\/2015\/12\/janvier-2005_f.pdf\" target=\"_blank\" rel=\"noopener noreferrer\">Un superviseur malin<\/a><\/span><\/span><\/p>\n<\/div>\n\n\t\t<\/div> \n\t<\/div>  \n\t<div class=\"wpb_content_element span3 wpb_text_column\">\n\t\t<div class=\"wpb_wrapper clearfix\">\n\t\t\t\n<div style=\"color: red;\">\n<p><a href=\"https:\/\/www.costronic.ch\/wp-content\/uploads\/2014\/10\/Standard-ou-sur-mesure-..._f.pdf\" target=\"_blank\" rel=\"noopener noreferrer\"><img loading=\"lazy\" decoding=\"async\" class=\"aligncenter wp-image-300 hoverZoomLink\" src=\"https:\/\/www.costronic.ch\/wp-content\/uploads\/2014\/10\/costronic_standard_ou_sur-mersure-211x300.png\" alt=\"\" width=\"175\" height=\"248\" srcset=\"https:\/\/www.costronic.ch\/wp-content\/uploads\/2014\/10\/costronic_standard_ou_sur-mersure-211x300.png 211w, https:\/\/www.costronic.ch\/wp-content\/uploads\/2014\/10\/costronic_standard_ou_sur-mersure.png 494w\" sizes=\"(max-width: 175px) 100vw, 175px\" \/><\/a><\/p>\n<p style=\"text-align: center;\"><a style=\"color: #333399; text-decoration: underline;\" href=\"https:\/\/www.costronic.ch\/wp-content\/uploads\/2014\/10\/Standard-ou-sur-mesure-..._f.pdf\" target=\"_blank\" rel=\"noopener noreferrer\">Standard ou sur mesure &#8230;<\/a><\/p>\n<\/div>\n\n\t\t<\/div> \n\t<\/div>  \n\t<div class=\"wpb_content_element span3 wpb_text_column\">\n\t\t<div class=\"wpb_wrapper clearfix\">\n\t\t\t\n<div style=\"color: red;\">\n<p><a href=\"https:\/\/www.costronic.ch\/wp-content\/uploads\/2014\/10\/Poste-MT.pdf\" target=\"_blank\" rel=\"noopener noreferrer\"><img loading=\"lazy\" decoding=\"async\" class=\"aligncenter wp-image-523 hoverZoomLink\" src=\"https:\/\/www.costronic.ch\/wp-content\/uploads\/2014\/10\/post_mt-212x300.png\" alt=\"\" width=\"175\" height=\"248\" srcset=\"https:\/\/www.costronic.ch\/wp-content\/uploads\/2014\/10\/post_mt-212x300.png 212w, https:\/\/www.costronic.ch\/wp-content\/uploads\/2014\/10\/post_mt-724x1024.png 724w, https:\/\/www.costronic.ch\/wp-content\/uploads\/2014\/10\/post_mt.png 986w\" sizes=\"(max-width: 175px) 100vw, 175px\" \/><\/a><\/p>\n<p style=\"text-align: center;\"><span style=\"text-decoration: underline; color: #333399;\"><span style=\"text-decoration: underline;\"><a style=\"color: #333399; text-decoration: underline;\" href=\"https:\/\/www.costronic.ch\/wp-content\/uploads\/2014\/10\/Poste-MT.pdf\" target=\"_blank\" rel=\"noopener noreferrer\">Poste MT<\/a><\/span><\/span><\/p>\n<\/div>\n\n\t\t<\/div> \n\t<\/div>  \n\t<div class=\"wpb_content_element span3 wpb_text_column\">\n\t\t<div class=\"wpb_wrapper clearfix\">\n\t\t\t\n<div style=\"color: red;\">\n<p><a href=\"https:\/\/www.costronic.ch\/wp-content\/uploads\/2014\/10\/La-centrale-de-Lavey-un-exemple-parmi-65...-_f.pdf\" target=\"_blank\" rel=\"noopener noreferrer\"><img loading=\"lazy\" decoding=\"async\" class=\"aligncenter wp-image-298 hoverZoomLink\" src=\"https:\/\/www.costronic.ch\/wp-content\/uploads\/2014\/10\/costronic_lavey-231x300.png\" alt=\"\" width=\"189\" height=\"245\" srcset=\"https:\/\/www.costronic.ch\/wp-content\/uploads\/2014\/10\/costronic_lavey-231x300.png 231w, https:\/\/www.costronic.ch\/wp-content\/uploads\/2014\/10\/costronic_lavey.png 609w\" sizes=\"(max-width: 189px) 100vw, 189px\" \/><\/a><\/p>\n<p style=\"text-align: center;\"><span style=\"text-decoration: underline; color: #333399;\"><span style=\"text-decoration: underline;\"><a style=\"color: #333399; text-decoration: underline;\" href=\"https:\/\/www.costronic.ch\/wp-content\/uploads\/2014\/10\/La-centrale-de-Lavey-un-exemple-parmi-65...-_f.pdf\" target=\"_blank\" rel=\"noopener noreferrer\">La centrale de Lavey, un exemple parmi 65&#8230;<\/a><\/span><\/span><\/p>\n<\/div>\n\n\t\t<\/div> \n\t<\/div> <\/div>\n <div class=\"row\">\n\t<div class=\"wpb_content_element span3 wpb_text_column\">\n\t\t<div class=\"wpb_wrapper clearfix\">\n\t\t\t\n<div style=\"color: red;\">\n<p><a class=\"hoverZoomLink\" href=\"https:\/\/www.costronic.ch\/wp-content\/uploads\/2015\/03\/Electricite-eau_f.pdf\" target=\"_blank\" rel=\"noopener noreferrer\"><img loading=\"lazy\" decoding=\"async\" class=\"hoverZoomLink aligncenter wp-image-624\" src=\"https:\/\/www.costronic.ch\/wp-content\/uploads\/2014\/10\/costronic_electrivite_eau_industrie-2-210x300.png\" alt=\"\" width=\"172\" height=\"245\" srcset=\"https:\/\/www.costronic.ch\/wp-content\/uploads\/2014\/10\/costronic_electrivite_eau_industrie-2-210x300.png 210w, https:\/\/www.costronic.ch\/wp-content\/uploads\/2014\/10\/costronic_electrivite_eau_industrie-2.png 491w\" sizes=\"(max-width: 172px) 100vw, 172px\" \/><\/a><\/p>\n<p style=\"text-align: center;\"><span style=\"text-decoration: underline; color: #333399;\"><span style=\"text-decoration: underline;\"><a style=\"color: #333399; text-decoration: underline;\" href=\"https:\/\/www.costronic.ch\/wp-content\/uploads\/2015\/03\/Electricite-eau_f.pdf\" target=\"_blank\" rel=\"noopener noreferrer\">Electricit\u00e9, eau&#8230;<\/a><\/span><\/span><\/p>\n<\/div>\n\n\t\t<\/div> \n\t<\/div>  \n\t<div class=\"wpb_content_element span3 wpb_text_column\">\n\t\t<div class=\"wpb_wrapper clearfix\">\n\t\t\t\n<div style=\"color: red;\">\n<p><a href=\"https:\/\/www.costronic.ch\/wp-content\/uploads\/2015\/12\/20ans_f.pdf\" target=\"_blank\" rel=\"noopener noreferrer\"><img loading=\"lazy\" decoding=\"async\" class=\"hoverZoomLink aligncenter wp-image-1103\" src=\"https:\/\/www.costronic.ch\/wp-content\/uploads\/2015\/12\/20ans_f-228x300.png\" alt=\"\" width=\"186\" height=\"245\" srcset=\"https:\/\/www.costronic.ch\/wp-content\/uploads\/2015\/12\/20ans_f-228x300.png 228w, https:\/\/www.costronic.ch\/wp-content\/uploads\/2015\/12\/20ans_f.png 330w\" sizes=\"(max-width: 186px) 100vw, 186px\" \/><\/a><\/p>\n<p style=\"text-align: center;\"><span style=\"text-decoration: underline; color: #333399;\"><span style=\"text-decoration: underline;\"><a style=\"color: #333399; text-decoration: underline;\" href=\"https:\/\/www.costronic.ch\/wp-content\/uploads\/2015\/12\/20ans_f.pdf\" target=\"_blank\" rel=\"noopener noreferrer\">20 ans<\/a><\/span><\/span><\/p>\n<\/div>\n\n\t\t<\/div> \n\t<\/div> <\/div>\n\n","protected":false},"excerpt":{"rendered":"","protected":false},"author":3,"featured_media":0,"parent":0,"menu_order":0,"comment_status":"open","ping_status":"open","template":"","meta":{"footnotes":""},"class_list":["post-11","page","type-page","status-publish","hentry"],"jetpack_sharing_enabled":true,"jetpack_shortlink":"https:\/\/wp.me\/P5cYP3-b","_links":{"self":[{"href":"https:\/\/www.costronic.ch\/index.php\/wp-json\/wp\/v2\/pages\/11"}],"collection":[{"href":"https:\/\/www.costronic.ch\/index.php\/wp-json\/wp\/v2\/pages"}],"about":[{"href":"https:\/\/www.costronic.ch\/index.php\/wp-json\/wp\/v2\/types\/page"}],"author":[{"embeddable":true,"href":"https:\/\/www.costronic.ch\/index.php\/wp-json\/wp\/v2\/users\/3"}],"replies":[{"embeddable":true,"href":"https:\/\/www.costronic.ch\/index.php\/wp-json\/wp\/v2\/comments?post=11"}],"version-history":[{"count":86,"href":"https:\/\/www.costronic.ch\/index.php\/wp-json\/wp\/v2\/pages\/11\/revisions"}],"predecessor-version":[{"id":21135,"href":"https:\/\/www.costronic.ch\/index.php\/wp-json\/wp\/v2\/pages\/11\/revisions\/21135"}],"wp:attachment":[{"href":"https:\/\/www.costronic.ch\/index.php\/wp-json\/wp\/v2\/media?parent=11"}],"curies":[{"name":"wp","href":"https:\/\/api.w.org\/{rel}","templated":true}]}}